{"id":19,"date":"2025-11-01T01:50:56","date_gmt":"2025-11-01T00:50:56","guid":{"rendered":"https:\/\/www.wasserorgelverden.de\/?page_id=19"},"modified":"2025-11-01T01:50:56","modified_gmt":"2025-11-01T00:50:56","slug":"technik","status":"publish","type":"page","link":"https:\/\/www.wasserorgelverden.de\/?page_id=19","title":{"rendered":"Technik"},"content":{"rendered":"\n<p>Technik der Wasserorgel<\/p>\n\n\n\n<p>Die Wasserorgel besteht im Prinzip aus einem transportablen Gestell mit vielen Wasserd\u00fcsen, die zum Teil einzeln ge\u00f6ffnet werden k\u00f6nnen. Das ganze Gestell muss auf einem festen Untergrund, also nicht auf dem Wasser schwimmend, errichtet werden.<\/p>\n\n\n\n<figure class=\"wp-block-image aligncenter size-full\"><img loading=\"lazy\" decoding=\"async\" width=\"768\" height=\"576\" src=\"https:\/\/www.wasserorgelverden.de\/wp-content\/uploads\/2025\/11\/technik01.jpg\" alt=\"\" class=\"wp-image-20\" srcset=\"https:\/\/www.wasserorgelverden.de\/wp-content\/uploads\/2025\/11\/technik01.jpg 768w, https:\/\/www.wasserorgelverden.de\/wp-content\/uploads\/2025\/11\/technik01-300x225.jpg 300w\" sizes=\"auto, (max-width: 768px) 100vw, 768px\" \/><\/figure>\n\n\n\n<p>Ein Teil der aufgebauten Wasserorgel.<\/p>\n\n\n\n<p><strong>Technische Daten:<\/strong><\/p>\n\n\n\n<ul class=\"wp-block-list\">\n<li>Erforderliche Wassermege mind. 2.000 l\/min bei 8 bar Druck<\/li>\n\n\n\n<li>LED-Beleuchtungstechnik (Unbegrenzte Farbm\u00f6glichkeiten)<\/li>\n\n\n\n<li>Aufbaufl\u00e4che: ca. 21m x 10m (Breite x Tiefe) &#8211; Variabel!<\/li>\n\n\n\n<li>Ben\u00f6tigte Freifl\u00e4che: mind. 35m x 15m &#8211; Variabel!<\/li>\n\n\n\n<li>Mind. 6 Personen Bedienpersonal<\/li>\n<\/ul>\n\n\n\n<figure class=\"wp-block-image aligncenter size-full\"><img loading=\"lazy\" decoding=\"async\" width=\"768\" height=\"576\" src=\"https:\/\/www.wasserorgelverden.de\/wp-content\/uploads\/2025\/11\/technik02.jpg\" alt=\"\" class=\"wp-image-21\" srcset=\"https:\/\/www.wasserorgelverden.de\/wp-content\/uploads\/2025\/11\/technik02.jpg 768w, https:\/\/www.wasserorgelverden.de\/wp-content\/uploads\/2025\/11\/technik02-300x225.jpg 300w\" sizes=\"auto, (max-width: 768px) 100vw, 768px\" \/><\/figure>\n\n\n\n<p>Der zentrale Einspeisebeh\u00e4lter der Wasserorgel und gleichzeitig die Steuerung f\u00fcr das Wasser.<\/p>\n\n\n\n<figure class=\"wp-block-image aligncenter size-full\"><img loading=\"lazy\" decoding=\"async\" width=\"768\" height=\"576\" src=\"https:\/\/www.wasserorgelverden.de\/wp-content\/uploads\/2025\/11\/technik03.jpg\" alt=\"\" class=\"wp-image-22\" srcset=\"https:\/\/www.wasserorgelverden.de\/wp-content\/uploads\/2025\/11\/technik03.jpg 768w, https:\/\/www.wasserorgelverden.de\/wp-content\/uploads\/2025\/11\/technik03-300x225.jpg 300w\" sizes=\"auto, (max-width: 768px) 100vw, 768px\" \/><\/figure>\n\n\n\n<p>Die elektrischen Bedienpulte (Motoren-, Licht- und Musiksteuerung).<\/p>\n\n\n\n<p><\/p>\n\n\n\n<p><\/p>\n","protected":false},"excerpt":{"rendered":"<p>Technik der Wasserorgel Die Wasserorgel besteht im Prinzip aus einem transportablen Gestell mit vielen Wasserd\u00fcsen, die zum Teil einzeln ge\u00f6ffnet werden k\u00f6nnen. Das ganze Gestell muss auf einem festen Untergrund, also nicht auf dem Wasser schwimmend, errichtet werden. Ein Teil der aufgebauten Wasserorgel. Technische Daten: Der zentrale Einspeisebeh\u00e4lter der Wasserorgel und gleichzeitig die Steuerung f\u00fcr [&hellip;]<\/p>\n","protected":false},"author":1,"featured_media":0,"parent":0,"menu_order":0,"comment_status":"closed","ping_status":"closed","template":"","meta":{"footnotes":""},"class_list":["post-19","page","type-page","status-publish","hentry"],"_links":{"self":[{"href":"https:\/\/www.wasserorgelverden.de\/index.php?rest_route=\/wp\/v2\/pages\/19","targetHints":{"allow":["GET"]}}],"collection":[{"href":"https:\/\/www.wasserorgelverden.de\/index.php?rest_route=\/wp\/v2\/pages"}],"about":[{"href":"https:\/\/www.wasserorgelverden.de\/index.php?rest_route=\/wp\/v2\/types\/page"}],"author":[{"embeddable":true,"href":"https:\/\/www.wasserorgelverden.de\/index.php?rest_route=\/wp\/v2\/users\/1"}],"replies":[{"embeddable":true,"href":"https:\/\/www.wasserorgelverden.de\/index.php?rest_route=%2Fwp%2Fv2%2Fcomments&post=19"}],"version-history":[{"count":2,"href":"https:\/\/www.wasserorgelverden.de\/index.php?rest_route=\/wp\/v2\/pages\/19\/revisions"}],"predecessor-version":[{"id":231,"href":"https:\/\/www.wasserorgelverden.de\/index.php?rest_route=\/wp\/v2\/pages\/19\/revisions\/231"}],"wp:attachment":[{"href":"https:\/\/www.wasserorgelverden.de\/index.php?rest_route=%2Fwp%2Fv2%2Fmedia&parent=19"}],"curies":[{"name":"wp","href":"https:\/\/api.w.org\/{rel}","templated":true}]}}