{"id":14,"date":"2025-11-01T01:45:38","date_gmt":"2025-11-01T00:45:38","guid":{"rendered":"https:\/\/www.wasserorgelverden.de\/?page_id=14"},"modified":"2025-11-01T01:47:53","modified_gmt":"2025-11-01T00:47:53","slug":"organisatorisches","status":"publish","type":"page","link":"https:\/\/www.wasserorgelverden.de\/?page_id=14","title":{"rendered":"Organisatorisches"},"content":{"rendered":"\n<p>Wissenswertes f\u00fcr die Buchung<\/p>\n\n\n\n<p>Die Wasserorgel besteht im Prinzip aus einem transportablen Gestell mit vielen Wasserd\u00fcsen, die zum Teil einzeln ge\u00f6ffnet werden k\u00f6nnen. Das ganze Gestell muss auf einem festen Untergrund, also nicht auf dem Wasser schwimmend, errichtet werden. Die besten Effekte lassen sich bei v\u00f6lliger Dunkelheit erzielen, wobei ein Abstand von mindestens 50m zum Publikum ideal ist.<\/p>\n\n\n\n<p>Das gesamte Wasser welches in die Luft gespritzt wird, kommt auch an der Aufbaufl\u00e4che wieder runter und wird nicht in einem Becken aufgefangen. Somit gibt es keinen Wasserkreislauf!<\/p>\n\n\n\n<p>F\u00fcr den Betrieb der Wasserorgel sind mindestens 6 Personen erforderlich. Die Anreise zu Auftrittsterminen erfolgt in der Regel am selben Tag. F\u00fcr den Aufbau sind max. 3 Stunden bei Tageslicht erforderlich. Bei gewissen Entfernungen zum Auftrittsort ist eine \u00dcbernachtungsm\u00f6glichkeit durch den Veranstalter zu stellen.<\/p>\n\n\n\n<p>Der anfordernde Veranstalter muss f\u00fcr die Wasserorgel die ben\u00f6tigte Wassermenge und den Strom zur Verf\u00fcgung stellen. Genauere Informationen werden vorab in einem Engagementvertrag genau festgelegt.<\/p>\n\n\n\n<p>Alle wichtigen Informationen gibt es hier zum Download:<\/p>\n\n\n\n<ul class=\"wp-block-list\">\n<li><a href=\"https:\/\/www.wasserorgelverden.de\/wp-content\/uploads\/2025\/11\/Wasserorgel-Verden-Allgemeine-Infos.pdf\" data-type=\"link\" data-id=\"https:\/\/www.wasserorgelverden.de\/wp-content\/uploads\/2025\/11\/Wasserorgel-Verden-Allgemeine-Infos.pdf\" target=\"_blank\" rel=\"noreferrer noopener\">Allgemeine Infos<\/a><\/li>\n\n\n\n<li><a href=\"https:\/\/www.wasserorgelverden.de\/wp-content\/uploads\/2025\/11\/Wasserorgel-Verden-Voraussetzungen.pdf\" data-type=\"link\" data-id=\"https:\/\/www.wasserorgelverden.de\/wp-content\/uploads\/2025\/11\/Wasserorgel-Verden-Voraussetzungen.pdf\" target=\"_blank\" rel=\"noreferrer noopener\">Voraussetzungen<\/a><\/li>\n<\/ul>\n","protected":false},"excerpt":{"rendered":"<p>Wissenswertes f\u00fcr die Buchung Die Wasserorgel besteht im Prinzip aus einem transportablen Gestell mit vielen Wasserd\u00fcsen, die zum Teil einzeln ge\u00f6ffnet werden k\u00f6nnen. Das ganze Gestell muss auf einem festen Untergrund, also nicht auf dem Wasser schwimmend, errichtet werden. Die besten Effekte lassen sich bei v\u00f6lliger Dunkelheit erzielen, wobei ein Abstand von mindestens 50m zum [&hellip;]<\/p>\n","protected":false},"author":1,"featured_media":0,"parent":0,"menu_order":0,"comment_status":"closed","ping_status":"closed","template":"","meta":{"footnotes":""},"class_list":["post-14","page","type-page","status-publish","hentry"],"_links":{"self":[{"href":"https:\/\/www.wasserorgelverden.de\/index.php?rest_route=\/wp\/v2\/pages\/14","targetHints":{"allow":["GET"]}}],"collection":[{"href":"https:\/\/www.wasserorgelverden.de\/index.php?rest_route=\/wp\/v2\/pages"}],"about":[{"href":"https:\/\/www.wasserorgelverden.de\/index.php?rest_route=\/wp\/v2\/types\/page"}],"author":[{"embeddable":true,"href":"https:\/\/www.wasserorgelverden.de\/index.php?rest_route=\/wp\/v2\/users\/1"}],"replies":[{"embeddable":true,"href":"https:\/\/www.wasserorgelverden.de\/index.php?rest_route=%2Fwp%2Fv2%2Fcomments&post=14"}],"version-history":[{"count":2,"href":"https:\/\/www.wasserorgelverden.de\/index.php?rest_route=\/wp\/v2\/pages\/14\/revisions"}],"predecessor-version":[{"id":18,"href":"https:\/\/www.wasserorgelverden.de\/index.php?rest_route=\/wp\/v2\/pages\/14\/revisions\/18"}],"wp:attachment":[{"href":"https:\/\/www.wasserorgelverden.de\/index.php?rest_route=%2Fwp%2Fv2%2Fmedia&parent=14"}],"curies":[{"name":"wp","href":"https:\/\/api.w.org\/{rel}","templated":true}]}}